{"id":168,"date":"2023-12-12T18:26:59","date_gmt":"2023-12-12T17:26:59","guid":{"rendered":"https:\/\/interquatre.com\/?page_id=168"},"modified":"2024-02-01T10:16:44","modified_gmt":"2024-02-01T09:16:44","slug":"inmobiliarios","status":"publish","type":"page","link":"https:\/\/interquatre.com\/ca\/inicio\/inmobiliarios\/","title":{"rendered":"Inmobiliarios"},"content":{"rendered":"<div data-elementor-type=\"wp-page\" data-elementor-id=\"168\" class=\"elementor elementor-168\">\n\t\t\t\t<div class=\"elementor-element elementor-element-4cbc6d0d e-con-full e-flex e-con e-parent\" data-id=\"4cbc6d0d\" data-element_type=\"container\" data-settings=\"{&quot;background_background&quot;:&quot;classic&quot;}\">\n\t\t\t\t<div class=\"elementor-element elementor-element-b9d8c3e elementor-widget elementor-widget-heading\" data-id=\"b9d8c3e\" data-element_type=\"widget\" data-widget_type=\"heading.default\">\n\t\t\t\t<div class=\"elementor-widget-container\">\n\t\t\t\t\t<h2 class=\"elementor-heading-title elementor-size-default\">Serveis Immobiliaris<\/h2>\t\t\t\t<\/div>\n\t\t\t\t<\/div>\n\t\t\t\t<\/div>\n\t\t<div class=\"elementor-element elementor-element-8eddf67 e-flex e-con-boxed e-con e-parent\" data-id=\"8eddf67\" data-element_type=\"container\" data-settings=\"{&quot;background_background&quot;:&quot;classic&quot;}\">\n\t\t\t\t\t<div class=\"e-con-inner\">\n\t\t\t\t<div class=\"elementor-element elementor-element-344e6d8 elementor-widget elementor-widget-text-editor\" data-id=\"344e6d8\" data-element_type=\"widget\" data-widget_type=\"text-editor.default\">\n\t\t\t\t<div class=\"elementor-widget-container\">\n\t\t\t\t\t\t\t\t\t<p>Interquatre Consultors us ofereix un servei immobiliari complet que us garanteix una experi\u00e8ncia i professionalitat inigualable.<\/p><p>Disposem de m\u00e9s de 200 immobles ubicats la majoria a Catalunya i especialment a la zona del Maresme.<\/p><p>Realitzem de manera completament gratu\u00efta una taxaci\u00f3 privada del vostre habitatge ia m\u00e9s disposem d'una cartera d'inversors que poden estar interessats en compra de finques i solars.<\/p>\t\t\t\t\t\t\t\t<\/div>\n\t\t\t\t<\/div>\n\t\t\t\t<div class=\"elementor-element elementor-element-112c826 elementor-widget-divider--view-line elementor-widget elementor-widget-divider\" data-id=\"112c826\" data-element_type=\"widget\" data-widget_type=\"divider.default\">\n\t\t\t\t<div class=\"elementor-widget-container\">\n\t\t\t\t\t\t\t<div class=\"elementor-divider\">\n\t\t\t<span class=\"elementor-divider-separator\">\n\t\t\t\t\t\t<\/span>\n\t\t<\/div>\n\t\t\t\t\t\t<\/div>\n\t\t\t\t<\/div>\n\t\t<div class=\"elementor-element elementor-element-a087998 e-flex e-con-boxed e-con e-child\" data-id=\"a087998\" data-element_type=\"container\">\n\t\t\t\t\t<div class=\"e-con-inner\">\n\t\t\t\t<div class=\"elementor-element elementor-element-31ba730 elementor-widget__width-auto elementor-icon-list--layout-traditional elementor-list-item-link-full_width elementor-widget elementor-widget-icon-list\" data-id=\"31ba730\" data-element_type=\"widget\" data-widget_type=\"icon-list.default\">\n\t\t\t\t<div class=\"elementor-widget-container\">\n\t\t\t\t\t\t\t<ul class=\"elementor-icon-list-items\">\n\t\t\t\t\t\t\t<li class=\"elementor-icon-list-item\">\n\t\t\t\t\t\t\t\t\t\t\t<span class=\"elementor-icon-list-icon\">\n\t\t\t\t\t\t\t<svg aria-hidden=\"true\" class=\"e-font-icon-svg e-fas-dot-circle\" viewbox=\"0 0 512 512\" xmlns=\"http:\/\/www.w3.org\/2000\/svg\"><path d=\"M256 8C119.033 8 8 119.033 8 256s111.033 248 248 248 248-111.033 248-248S392.967 8 256 8zm80 248c0 44.112-35.888 80-80 80s-80-35.888-80-80 35.888-80 80-80 80 35.888 80 80z\"><\/path><\/svg>\t\t\t\t\t\t<\/span>\n\t\t\t\t\t\t\t\t\t\t<span class=\"elementor-icon-list-text\">Gesti\u00f3 immobili\u00e0ria<\/span>\n\t\t\t\t\t\t\t\t\t<\/li>\n\t\t\t\t\t\t\t\t<li class=\"elementor-icon-list-item\">\n\t\t\t\t\t\t\t\t\t\t\t<span class=\"elementor-icon-list-icon\">\n\t\t\t\t\t\t\t<svg aria-hidden=\"true\" class=\"e-font-icon-svg e-fas-dot-circle\" viewbox=\"0 0 512 512\" xmlns=\"http:\/\/www.w3.org\/2000\/svg\"><path d=\"M256 8C119.033 8 8 119.033 8 256s111.033 248 248 248 248-111.033 248-248S392.967 8 256 8zm80 248c0 44.112-35.888 80-80 80s-80-35.888-80-80 35.888-80 80-80 80 35.888 80 80z\"><\/path><\/svg>\t\t\t\t\t\t<\/span>\n\t\t\t\t\t\t\t\t\t\t<span class=\"elementor-icon-list-text\">Taxacions Privades<\/span>\n\t\t\t\t\t\t\t\t\t<\/li>\n\t\t\t\t\t\t\t\t<li class=\"elementor-icon-list-item\">\n\t\t\t\t\t\t\t\t\t\t\t<span class=\"elementor-icon-list-icon\">\n\t\t\t\t\t\t\t<svg aria-hidden=\"true\" class=\"e-font-icon-svg e-fas-dot-circle\" viewbox=\"0 0 512 512\" xmlns=\"http:\/\/www.w3.org\/2000\/svg\"><path d=\"M256 8C119.033 8 8 119.033 8 256s111.033 248 248 248 248-111.033 248-248S392.967 8 256 8zm80 248c0 44.112-35.888 80-80 80s-80-35.888-80-80 35.888-80 80-80 80 35.888 80 80z\"><\/path><\/svg>\t\t\t\t\t\t<\/span>\n\t\t\t\t\t\t\t\t\t\t<span class=\"elementor-icon-list-text\">Estudis Hipotecaris<\/span>\n\t\t\t\t\t\t\t\t\t<\/li>\n\t\t\t\t\t\t\t\t<li class=\"elementor-icon-list-item\">\n\t\t\t\t\t\t\t\t\t\t\t<span class=\"elementor-icon-list-icon\">\n\t\t\t\t\t\t\t<svg aria-hidden=\"true\" class=\"e-font-icon-svg e-fas-dot-circle\" viewbox=\"0 0 512 512\" xmlns=\"http:\/\/www.w3.org\/2000\/svg\"><path d=\"M256 8C119.033 8 8 119.033 8 256s111.033 248 248 248 248-111.033 248-248S392.967 8 256 8zm80 248c0 44.112-35.888 80-80 80s-80-35.888-80-80 35.888-80 80-80 80 35.888 80 80z\"><\/path><\/svg>\t\t\t\t\t\t<\/span>\n\t\t\t\t\t\t\t\t\t\t<span class=\"elementor-icon-list-text\">Contractes d'arres i Compravenda<\/span>\n\t\t\t\t\t\t\t\t\t<\/li>\n\t\t\t\t\t\t\t\t<li class=\"elementor-icon-list-item\">\n\t\t\t\t\t\t\t\t\t\t\t<span class=\"elementor-icon-list-icon\">\n\t\t\t\t\t\t\t<svg aria-hidden=\"true\" class=\"e-font-icon-svg e-fas-dot-circle\" viewbox=\"0 0 512 512\" xmlns=\"http:\/\/www.w3.org\/2000\/svg\"><path d=\"M256 8C119.033 8 8 119.033 8 256s111.033 248 248 248 248-111.033 248-248S392.967 8 256 8zm80 248c0 44.112-35.888 80-80 80s-80-35.888-80-80 35.888-80 80-80 80 35.888 80 80z\"><\/path><\/svg>\t\t\t\t\t\t<\/span>\n\t\t\t\t\t\t\t\t\t\t<span class=\"elementor-icon-list-text\">Petici\u00f3 Subvencions<\/span>\n\t\t\t\t\t\t\t\t\t<\/li>\n\t\t\t\t\t\t<\/ul>\n\t\t\t\t\t\t<\/div>\n\t\t\t\t<\/div>\n\t\t\t\t<div class=\"elementor-element elementor-element-7e0e554 elementor-widget__width-auto elementor-icon-list--layout-traditional elementor-list-item-link-full_width elementor-widget elementor-widget-icon-list\" data-id=\"7e0e554\" data-element_type=\"widget\" data-widget_type=\"icon-list.default\">\n\t\t\t\t<div class=\"elementor-widget-container\">\n\t\t\t\t\t\t\t<ul class=\"elementor-icon-list-items\">\n\t\t\t\t\t\t\t<li class=\"elementor-icon-list-item\">\n\t\t\t\t\t\t\t\t\t\t\t<span class=\"elementor-icon-list-icon\">\n\t\t\t\t\t\t\t<svg aria-hidden=\"true\" class=\"e-font-icon-svg e-fas-dot-circle\" viewbox=\"0 0 512 512\" xmlns=\"http:\/\/www.w3.org\/2000\/svg\"><path d=\"M256 8C119.033 8 8 119.033 8 256s111.033 248 248 248 248-111.033 248-248S392.967 8 256 8zm80 248c0 44.112-35.888 80-80 80s-80-35.888-80-80 35.888-80 80-80 80 35.888 80 80z\"><\/path><\/svg>\t\t\t\t\t\t<\/span>\n\t\t\t\t\t\t\t\t\t\t<span class=\"elementor-icon-list-text\">Traspassos de Negocis<\/span>\n\t\t\t\t\t\t\t\t\t<\/li>\n\t\t\t\t\t\t\t\t<li class=\"elementor-icon-list-item\">\n\t\t\t\t\t\t\t\t\t\t\t<span class=\"elementor-icon-list-icon\">\n\t\t\t\t\t\t\t<svg aria-hidden=\"true\" class=\"e-font-icon-svg e-fas-dot-circle\" viewbox=\"0 0 512 512\" xmlns=\"http:\/\/www.w3.org\/2000\/svg\"><path d=\"M256 8C119.033 8 8 119.033 8 256s111.033 248 248 248 248-111.033 248-248S392.967 8 256 8zm80 248c0 44.112-35.888 80-80 80s-80-35.888-80-80 35.888-80 80-80 80 35.888 80 80z\"><\/path><\/svg>\t\t\t\t\t\t<\/span>\n\t\t\t\t\t\t\t\t\t\t<span class=\"elementor-icon-list-text\">Contractes d'Arrendament<\/span>\n\t\t\t\t\t\t\t\t\t<\/li>\n\t\t\t\t\t\t\t\t<li class=\"elementor-icon-list-item\">\n\t\t\t\t\t\t\t\t\t\t\t<span class=\"elementor-icon-list-icon\">\n\t\t\t\t\t\t\t<svg aria-hidden=\"true\" class=\"e-font-icon-svg e-fas-dot-circle\" viewbox=\"0 0 512 512\" xmlns=\"http:\/\/www.w3.org\/2000\/svg\"><path d=\"M256 8C119.033 8 8 119.033 8 256s111.033 248 248 248 248-111.033 248-248S392.967 8 256 8zm80 248c0 44.112-35.888 80-80 80s-80-35.888-80-80 35.888-80 80-80 80 35.888 80 80z\"><\/path><\/svg>\t\t\t\t\t\t<\/span>\n\t\t\t\t\t\t\t\t\t\t<span class=\"elementor-icon-list-text\">Gesti\u00f3 en Registres de la Propietat<\/span>\n\t\t\t\t\t\t\t\t\t<\/li>\n\t\t\t\t\t\t\t\t<li class=\"elementor-icon-list-item\">\n\t\t\t\t\t\t\t\t\t\t\t<span class=\"elementor-icon-list-icon\">\n\t\t\t\t\t\t\t<svg aria-hidden=\"true\" class=\"e-font-icon-svg e-fas-dot-circle\" viewbox=\"0 0 512 512\" xmlns=\"http:\/\/www.w3.org\/2000\/svg\"><path d=\"M256 8C119.033 8 8 119.033 8 256s111.033 248 248 248 248-111.033 248-248S392.967 8 256 8zm80 248c0 44.112-35.888 80-80 80s-80-35.888-80-80 35.888-80 80-80 80 35.888 80 80z\"><\/path><\/svg>\t\t\t\t\t\t<\/span>\n\t\t\t\t\t\t\t\t\t\t<span class=\"elementor-icon-list-text\">Gesti\u00f3 a Cambra de la Propietat<\/span>\n\t\t\t\t\t\t\t\t\t<\/li>\n\t\t\t\t\t\t<\/ul>\n\t\t\t\t\t\t<\/div>\n\t\t\t\t<\/div>\n\t\t\t\t\t<\/div>\n\t\t\t\t<\/div>\n\t\t\t\t\t<\/div>\n\t\t\t\t<\/div>\n\t\t\t\t<\/div>","protected":false},"excerpt":{"rendered":"<p>Servicios Inmobiliarios Interquatre Consultors le ofrece un servicio\u00a0 inmobiliario completo que le garantiza una experiencia y profesionalidad inigualable. Disponemos de m\u00e1s de 200 inmuebles ubicados la mayor\u00eda en Catalu\u00f1a y especialmente en la zona del Maresme. Realizamos de manera completamente gratuita una tasaci\u00f3n privada de su vivienda y adem\u00e1s disponemos de una cartera de inversores [&hellip;]<\/p>","protected":false},"author":1,"featured_media":0,"parent":104,"menu_order":0,"comment_status":"closed","ping_status":"closed","template":"","meta":{"footnotes":""},"class_list":["post-168","page","type-page","status-publish","hentry"],"yoast_head":"<!-- This site is optimized with the Yoast SEO plugin v21.7 - https:\/\/yoast.com\/wordpress\/plugins\/seo\/ -->\n<title>Inmobiliarios - interquatre.com<\/title>\n<meta name=\"robots\" content=\"index, follow, max-snippet:-1, max-image-preview:large, max-video-preview:-1\" \/>\n<link rel=\"canonical\" href=\"https:\/\/interquatre.com\/ca\/inicio\/inmobiliarios\/\" \/>\n<meta property=\"og:locale\" content=\"ca_ES\" \/>\n<meta property=\"og:type\" content=\"article\" \/>\n<meta property=\"og:title\" content=\"Inmobiliarios - interquatre.com\" \/>\n<meta property=\"og:description\" content=\"Servicios Inmobiliarios Interquatre Consultors le ofrece un servicio\u00a0 inmobiliario completo que le garantiza una experiencia y profesionalidad inigualable. Disponemos de m\u00e1s de 200 inmuebles ubicados la mayor\u00eda en Catalu\u00f1a y especialmente en la zona del Maresme. Realizamos de manera completamente gratuita una tasaci\u00f3n privada de su vivienda y adem\u00e1s disponemos de una cartera de inversores [&hellip;]\" \/>\n<meta property=\"og:url\" content=\"https:\/\/interquatre.com\/ca\/inicio\/inmobiliarios\/\" \/>\n<meta property=\"og:site_name\" content=\"interquatre.com\" \/>\n<meta property=\"article:modified_time\" content=\"2024-02-01T09:16:44+00:00\" \/>\n<meta name=\"twitter:card\" content=\"summary_large_image\" \/>\n<meta name=\"twitter:label1\" content=\"Temps estimat de lectura\" \/>\n\t<meta name=\"twitter:data1\" content=\"1 minut\" \/>\n<script type=\"application\/ld+json\" class=\"yoast-schema-graph\">{\"@context\":\"https:\/\/schema.org\",\"@graph\":[{\"@type\":\"WebPage\",\"@id\":\"https:\/\/interquatre.com\/inicio\/inmobiliarios\/\",\"url\":\"https:\/\/interquatre.com\/inicio\/inmobiliarios\/\",\"name\":\"Inmobiliarios - interquatre.com\",\"isPartOf\":{\"@id\":\"https:\/\/interquatre.com\/#website\"},\"datePublished\":\"2023-12-12T17:26:59+00:00\",\"dateModified\":\"2024-02-01T09:16:44+00:00\",\"breadcrumb\":{\"@id\":\"https:\/\/interquatre.com\/inicio\/inmobiliarios\/#breadcrumb\"},\"inLanguage\":\"ca\",\"potentialAction\":[{\"@type\":\"ReadAction\",\"target\":[\"https:\/\/interquatre.com\/inicio\/inmobiliarios\/\"]}]},{\"@type\":\"BreadcrumbList\",\"@id\":\"https:\/\/interquatre.com\/inicio\/inmobiliarios\/#breadcrumb\",\"itemListElement\":[{\"@type\":\"ListItem\",\"position\":1,\"name\":\"Portada\",\"item\":\"https:\/\/interquatre.com\/\"},{\"@type\":\"ListItem\",\"position\":2,\"name\":\"Inicio\",\"item\":\"https:\/\/interquatre.com\/\"},{\"@type\":\"ListItem\",\"position\":3,\"name\":\"Inmobiliarios\"}]},{\"@type\":\"WebSite\",\"@id\":\"https:\/\/interquatre.com\/#website\",\"url\":\"https:\/\/interquatre.com\/\",\"name\":\"interquatre.com\",\"description\":\"\",\"publisher\":{\"@id\":\"https:\/\/interquatre.com\/#organization\"},\"potentialAction\":[{\"@type\":\"SearchAction\",\"target\":{\"@type\":\"EntryPoint\",\"urlTemplate\":\"https:\/\/interquatre.com\/?s={search_term_string}\"},\"query-input\":\"required name=search_term_string\"}],\"inLanguage\":\"ca\"},{\"@type\":\"Organization\",\"@id\":\"https:\/\/interquatre.com\/#organization\",\"name\":\"interquatre.com\",\"url\":\"https:\/\/interquatre.com\/\",\"logo\":{\"@type\":\"ImageObject\",\"inLanguage\":\"ca\",\"@id\":\"https:\/\/interquatre.com\/#\/schema\/logo\/image\/\",\"url\":\"https:\/\/interquatre.com\/wp-content\/uploads\/2023\/12\/Interquatre-logo-1.png\",\"contentUrl\":\"https:\/\/interquatre.com\/wp-content\/uploads\/2023\/12\/Interquatre-logo-1.png\",\"width\":720,\"height\":152,\"caption\":\"interquatre.com\"},\"image\":{\"@id\":\"https:\/\/interquatre.com\/#\/schema\/logo\/image\/\"}}]}<\/script>\n<!-- \/ Yoast SEO plugin. -->","yoast_head_json":{"title":"Inmobiliarios - interquatre.com","robots":{"index":"index","follow":"follow","max-snippet":"max-snippet:-1","max-image-preview":"max-image-preview:large","max-video-preview":"max-video-preview:-1"},"canonical":"https:\/\/interquatre.com\/ca\/inicio\/inmobiliarios\/","og_locale":"ca_ES","og_type":"article","og_title":"Inmobiliarios - interquatre.com","og_description":"Servicios Inmobiliarios Interquatre Consultors le ofrece un servicio\u00a0 inmobiliario completo que le garantiza una experiencia y profesionalidad inigualable. Disponemos de m\u00e1s de 200 inmuebles ubicados la mayor\u00eda en Catalu\u00f1a y especialmente en la zona del Maresme. Realizamos de manera completamente gratuita una tasaci\u00f3n privada de su vivienda y adem\u00e1s disponemos de una cartera de inversores [&hellip;]","og_url":"https:\/\/interquatre.com\/ca\/inicio\/inmobiliarios\/","og_site_name":"interquatre.com","article_modified_time":"2024-02-01T09:16:44+00:00","twitter_card":"summary_large_image","twitter_misc":{"Temps estimat de lectura":"1 minut"},"schema":{"@context":"https:\/\/schema.org","@graph":[{"@type":"WebPage","@id":"https:\/\/interquatre.com\/inicio\/inmobiliarios\/","url":"https:\/\/interquatre.com\/inicio\/inmobiliarios\/","name":"Inmobiliarios - interquatre.com","isPartOf":{"@id":"https:\/\/interquatre.com\/#website"},"datePublished":"2023-12-12T17:26:59+00:00","dateModified":"2024-02-01T09:16:44+00:00","breadcrumb":{"@id":"https:\/\/interquatre.com\/inicio\/inmobiliarios\/#breadcrumb"},"inLanguage":"ca","potentialAction":[{"@type":"ReadAction","target":["https:\/\/interquatre.com\/inicio\/inmobiliarios\/"]}]},{"@type":"BreadcrumbList","@id":"https:\/\/interquatre.com\/inicio\/inmobiliarios\/#breadcrumb","itemListElement":[{"@type":"ListItem","position":1,"name":"Portada","item":"https:\/\/interquatre.com\/"},{"@type":"ListItem","position":2,"name":"Inicio","item":"https:\/\/interquatre.com\/"},{"@type":"ListItem","position":3,"name":"Inmobiliarios"}]},{"@type":"WebSite","@id":"https:\/\/interquatre.com\/#website","url":"https:\/\/interquatre.com\/","name":"interquatre.com","description":"","publisher":{"@id":"https:\/\/interquatre.com\/#organization"},"potentialAction":[{"@type":"SearchAction","target":{"@type":"EntryPoint","urlTemplate":"https:\/\/interquatre.com\/?s={search_term_string}"},"query-input":"required name=search_term_string"}],"inLanguage":"ca"},{"@type":"Organization","@id":"https:\/\/interquatre.com\/#organization","name":"interquatre.com","url":"https:\/\/interquatre.com\/","logo":{"@type":"ImageObject","inLanguage":"ca","@id":"https:\/\/interquatre.com\/#\/schema\/logo\/image\/","url":"https:\/\/interquatre.com\/wp-content\/uploads\/2023\/12\/Interquatre-logo-1.png","contentUrl":"https:\/\/interquatre.com\/wp-content\/uploads\/2023\/12\/Interquatre-logo-1.png","width":720,"height":152,"caption":"interquatre.com"},"image":{"@id":"https:\/\/interquatre.com\/#\/schema\/logo\/image\/"}}]}},"_links":{"self":[{"href":"https:\/\/interquatre.com\/ca\/wp-json\/wp\/v2\/pages\/168","targetHints":{"allow":["GET"]}}],"collection":[{"href":"https:\/\/interquatre.com\/ca\/wp-json\/wp\/v2\/pages"}],"about":[{"href":"https:\/\/interquatre.com\/ca\/wp-json\/wp\/v2\/types\/page"}],"author":[{"embeddable":true,"href":"https:\/\/interquatre.com\/ca\/wp-json\/wp\/v2\/users\/1"}],"replies":[{"embeddable":true,"href":"https:\/\/interquatre.com\/ca\/wp-json\/wp\/v2\/comments?post=168"}],"version-history":[{"count":25,"href":"https:\/\/interquatre.com\/ca\/wp-json\/wp\/v2\/pages\/168\/revisions"}],"predecessor-version":[{"id":729,"href":"https:\/\/interquatre.com\/ca\/wp-json\/wp\/v2\/pages\/168\/revisions\/729"}],"up":[{"embeddable":true,"href":"https:\/\/interquatre.com\/ca\/wp-json\/wp\/v2\/pages\/104"}],"wp:attachment":[{"href":"https:\/\/interquatre.com\/ca\/wp-json\/wp\/v2\/media?parent=168"}],"curies":[{"name":"wp","href":"https:\/\/api.w.org\/{rel}","templated":true}]}}