{"id":104,"date":"2023-12-12T13:19:12","date_gmt":"2023-12-12T12:19:12","guid":{"rendered":"https:\/\/interquatre.com\/?page_id=104"},"modified":"2024-01-31T10:22:01","modified_gmt":"2024-01-31T09:22:01","slug":"inicio","status":"publish","type":"page","link":"https:\/\/interquatre.com\/ca\/","title":{"rendered":"Inici"},"content":{"rendered":"<div data-elementor-type=\"wp-page\" data-elementor-id=\"104\" class=\"elementor elementor-104\">\n\t\t\t\t<div class=\"elementor-element elementor-element-4cbc6d0d e-flex e-con-boxed e-con e-parent\" data-id=\"4cbc6d0d\" data-element_type=\"container\" data-settings=\"{&quot;background_background&quot;:&quot;classic&quot;}\">\n\t\t\t\t\t<div class=\"e-con-inner\">\n\t\t\t\t<div class=\"elementor-element elementor-element-b69f477 premium-atext__switch elementor-widget elementor-widget-premium-addon-fancy-text\" data-id=\"b69f477\" data-element_type=\"widget\" data-widget_type=\"premium-addon-fancy-text.default\">\n\t\t\t\t<div class=\"elementor-widget-container\">\n\t\t\t\t\t\t\t<div class=\"premium-atext__wrapper premium-atext__typing\" data-start-effect=\"page_load\" data-settings=\"{&quot;effect&quot;:&quot;typing&quot;,&quot;strings&quot;:[&quot;30 a\\u00f1os ofreciendo excelencia a empresas y particulares.&quot;,&quot;Expertos en gesti\\u00f3n contable y laboral.&quot;,&quot;Asesores, abogados y economistas.&quot;,&quot;Su empresa en manos de profesionales.&quot;],&quot;typeSpeed&quot;:100,&quot;backSpeed&quot;:30,&quot;startDelay&quot;:30,&quot;backDelay&quot;:2000,&quot;showCursor&quot;:true,&quot;loop&quot;:true,&quot;loading&quot;:false,&quot;style&quot;:&quot;switch&quot;}\">\r\n\r\n\t\t\t<h3 class=\"premium-atext__headline\">\r\n\t\t\t\r\n\t\t\t\t\t\t<span class=\"premium-atext__text\"><\/span>\r\n\t\t\r\n\t\t\t\r\n\t\t\t\r\n\t\t\t<\/h3>\r\n\t\t<\/div>\r\n\t\t\t\t\t\t<\/div>\n\t\t\t\t<\/div>\n\t\t\t\t\t<\/div>\n\t\t\t\t<\/div>\n\t\t<div class=\"elementor-element elementor-element-8eddf67 e-flex e-con-boxed e-con e-parent\" data-id=\"8eddf67\" data-element_type=\"container\" data-settings=\"{&quot;background_background&quot;:&quot;classic&quot;}\">\n\t\t\t\t\t<div class=\"e-con-inner\">\n\t\t\t\t<div class=\"elementor-element elementor-element-afe943e elementor-widget elementor-widget-heading\" data-id=\"afe943e\" data-element_type=\"widget\" data-widget_type=\"heading.default\">\n\t\t\t\t<div class=\"elementor-widget-container\">\n\t\t\t\t\t<h2 class=\"elementor-heading-title elementor-size-default\">Sobre Nosaltres<\/h2>\t\t\t\t<\/div>\n\t\t\t\t<\/div>\n\t\t\t\t<div class=\"elementor-element elementor-element-112c826 elementor-widget-divider--view-line elementor-widget elementor-widget-divider\" data-id=\"112c826\" data-element_type=\"widget\" data-widget_type=\"divider.default\">\n\t\t\t\t<div class=\"elementor-widget-container\">\n\t\t\t\t\t\t\t<div class=\"elementor-divider\">\n\t\t\t<span class=\"elementor-divider-separator\">\n\t\t\t\t\t\t<\/span>\n\t\t<\/div>\n\t\t\t\t\t\t<\/div>\n\t\t\t\t<\/div>\n\t\t\t\t<div class=\"elementor-element elementor-element-283d021 elementor-widget elementor-widget-text-editor\" data-id=\"283d021\" data-element_type=\"widget\" data-widget_type=\"text-editor.default\">\n\t\t\t\t<div class=\"elementor-widget-container\">\n\t\t\t\t\t\t\t\t\t<p><span style=\"font-weight: 400;\"><strong>Interquatre Consultors<\/strong> \u00e9s una empresa de <strong>Serveis Comptables i Financers<\/strong> creada per un equip de joves professionals i col\u00b7laboradors titulats al 1998 que ofereixen al petit i mitj\u00e0 empresari la possibilitat de contractar un gabinet comptable, financer, laboral i jur\u00eddic que aporta al client l'obtenci\u00f3 d'un Servei Integral per a la seva empresa.<\/span><\/p><p><span style=\"font-weight: 400;\">Els valors d'Interquatre s\u00f3n clars: esperit de servei, superaci\u00f3 constant, responsabilitat en les gestions i la professionalitat de tots i cadascun dels seus components.<\/span><\/p><p><span style=\"font-weight: 400;\">La nostra voluntat de superaci\u00f3 i la necessitat del mercat actual fa que cadascun dels components d'Interquatre aprofundeixi les inquietuds i la problem\u00e0tica de cada client, aconseguint aix\u00ed un tracte personalitzat i un alt nivell en la gesti\u00f3 financera.<\/span><\/p><p><span style=\"font-weight: 400;\">Podem solucionar qualsevol tipus de problema fiscal, laboral, jur\u00eddic, mercantil, tributari i de gesti\u00f3 que el seu negoci pogu\u00e9s patir, a m\u00e9s d'assessorar-lo efica\u00e7ment perqu\u00e8 vost\u00e8 tingui la tranquil\u00b7litat que la seva Empresa estar\u00e0 en tot moment <strong>en mans de professionals<\/strong>.<\/span><\/p>\t\t\t\t\t\t\t\t<\/div>\n\t\t\t\t<\/div>\n\t\t\t\t\t<\/div>\n\t\t\t\t<\/div>\n\t\t\t\t<\/div>","protected":false},"excerpt":{"rendered":"<p>Sobre Nosotros Interquatre Consultors es una empresa de Servicios Contables y Financieros creada por un equipo de j\u00f3venes profesionales y colaboradores titulados en 1.998 que ofrecen al peque\u00f1o y mediano empresario la posibilidad de contratar un gabinete contable, financiero, laboral y jur\u00eddico que aporta al cliente la obtenci\u00f3n de un Servicio Integral para su empresa. [&hellip;]<\/p>","protected":false},"author":1,"featured_media":0,"parent":0,"menu_order":0,"comment_status":"closed","ping_status":"closed","template":"","meta":{"footnotes":""},"class_list":["post-104","page","type-page","status-publish","hentry"],"yoast_head":"<!-- This site is optimized with the Yoast SEO plugin v21.7 - https:\/\/yoast.com\/wordpress\/plugins\/seo\/ -->\n<title>Inicio - interquatre.com<\/title>\n<meta name=\"robots\" content=\"index, follow, max-snippet:-1, max-image-preview:large, max-video-preview:-1\" \/>\n<link rel=\"canonical\" href=\"https:\/\/interquatre.com\/ca\/\" \/>\n<meta property=\"og:locale\" content=\"ca_ES\" \/>\n<meta property=\"og:type\" content=\"article\" \/>\n<meta property=\"og:title\" content=\"Inicio - interquatre.com\" \/>\n<meta property=\"og:description\" content=\"Sobre Nosotros Interquatre Consultors es una empresa de Servicios Contables y Financieros creada por un equipo de j\u00f3venes profesionales y colaboradores titulados en 1.998 que ofrecen al peque\u00f1o y mediano empresario la posibilidad de contratar un gabinete contable, financiero, laboral y jur\u00eddico que aporta al cliente la obtenci\u00f3n de un Servicio Integral para su empresa. [&hellip;]\" \/>\n<meta property=\"og:url\" content=\"https:\/\/interquatre.com\/ca\/\" \/>\n<meta property=\"og:site_name\" content=\"interquatre.com\" \/>\n<meta property=\"article:modified_time\" content=\"2024-01-31T09:22:01+00:00\" \/>\n<meta name=\"twitter:card\" content=\"summary_large_image\" \/>\n<meta name=\"twitter:label1\" content=\"Temps estimat de lectura\" \/>\n\t<meta name=\"twitter:data1\" content=\"1 minut\" \/>\n<script type=\"application\/ld+json\" class=\"yoast-schema-graph\">{\"@context\":\"https:\/\/schema.org\",\"@graph\":[{\"@type\":\"WebPage\",\"@id\":\"https:\/\/interquatre.com\/\",\"url\":\"https:\/\/interquatre.com\/\",\"name\":\"Inicio - interquatre.com\",\"isPartOf\":{\"@id\":\"https:\/\/interquatre.com\/#website\"},\"datePublished\":\"2023-12-12T12:19:12+00:00\",\"dateModified\":\"2024-01-31T09:22:01+00:00\",\"breadcrumb\":{\"@id\":\"https:\/\/interquatre.com\/#breadcrumb\"},\"inLanguage\":\"ca\",\"potentialAction\":[{\"@type\":\"ReadAction\",\"target\":[\"https:\/\/interquatre.com\/\"]}]},{\"@type\":\"BreadcrumbList\",\"@id\":\"https:\/\/interquatre.com\/#breadcrumb\",\"itemListElement\":[{\"@type\":\"ListItem\",\"position\":1,\"name\":\"Portada\",\"item\":\"https:\/\/interquatre.com\/\"},{\"@type\":\"ListItem\",\"position\":2,\"name\":\"Inicio\"}]},{\"@type\":\"WebSite\",\"@id\":\"https:\/\/interquatre.com\/#website\",\"url\":\"https:\/\/interquatre.com\/\",\"name\":\"interquatre.com\",\"description\":\"\",\"publisher\":{\"@id\":\"https:\/\/interquatre.com\/#organization\"},\"potentialAction\":[{\"@type\":\"SearchAction\",\"target\":{\"@type\":\"EntryPoint\",\"urlTemplate\":\"https:\/\/interquatre.com\/?s={search_term_string}\"},\"query-input\":\"required name=search_term_string\"}],\"inLanguage\":\"ca\"},{\"@type\":\"Organization\",\"@id\":\"https:\/\/interquatre.com\/#organization\",\"name\":\"interquatre.com\",\"url\":\"https:\/\/interquatre.com\/\",\"logo\":{\"@type\":\"ImageObject\",\"inLanguage\":\"ca\",\"@id\":\"https:\/\/interquatre.com\/#\/schema\/logo\/image\/\",\"url\":\"https:\/\/interquatre.com\/wp-content\/uploads\/2023\/12\/Interquatre-logo-1.png\",\"contentUrl\":\"https:\/\/interquatre.com\/wp-content\/uploads\/2023\/12\/Interquatre-logo-1.png\",\"width\":720,\"height\":152,\"caption\":\"interquatre.com\"},\"image\":{\"@id\":\"https:\/\/interquatre.com\/#\/schema\/logo\/image\/\"}}]}<\/script>\n<!-- \/ Yoast SEO plugin. -->","yoast_head_json":{"title":"Inicio - interquatre.com","robots":{"index":"index","follow":"follow","max-snippet":"max-snippet:-1","max-image-preview":"max-image-preview:large","max-video-preview":"max-video-preview:-1"},"canonical":"https:\/\/interquatre.com\/ca\/","og_locale":"ca_ES","og_type":"article","og_title":"Inicio - interquatre.com","og_description":"Sobre Nosotros Interquatre Consultors es una empresa de Servicios Contables y Financieros creada por un equipo de j\u00f3venes profesionales y colaboradores titulados en 1.998 que ofrecen al peque\u00f1o y mediano empresario la posibilidad de contratar un gabinete contable, financiero, laboral y jur\u00eddico que aporta al cliente la obtenci\u00f3n de un Servicio Integral para su empresa. [&hellip;]","og_url":"https:\/\/interquatre.com\/ca\/","og_site_name":"interquatre.com","article_modified_time":"2024-01-31T09:22:01+00:00","twitter_card":"summary_large_image","twitter_misc":{"Temps estimat de lectura":"1 minut"},"schema":{"@context":"https:\/\/schema.org","@graph":[{"@type":"WebPage","@id":"https:\/\/interquatre.com\/","url":"https:\/\/interquatre.com\/","name":"Inicio - interquatre.com","isPartOf":{"@id":"https:\/\/interquatre.com\/#website"},"datePublished":"2023-12-12T12:19:12+00:00","dateModified":"2024-01-31T09:22:01+00:00","breadcrumb":{"@id":"https:\/\/interquatre.com\/#breadcrumb"},"inLanguage":"ca","potentialAction":[{"@type":"ReadAction","target":["https:\/\/interquatre.com\/"]}]},{"@type":"BreadcrumbList","@id":"https:\/\/interquatre.com\/#breadcrumb","itemListElement":[{"@type":"ListItem","position":1,"name":"Portada","item":"https:\/\/interquatre.com\/"},{"@type":"ListItem","position":2,"name":"Inicio"}]},{"@type":"WebSite","@id":"https:\/\/interquatre.com\/#website","url":"https:\/\/interquatre.com\/","name":"interquatre.com","description":"","publisher":{"@id":"https:\/\/interquatre.com\/#organization"},"potentialAction":[{"@type":"SearchAction","target":{"@type":"EntryPoint","urlTemplate":"https:\/\/interquatre.com\/?s={search_term_string}"},"query-input":"required name=search_term_string"}],"inLanguage":"ca"},{"@type":"Organization","@id":"https:\/\/interquatre.com\/#organization","name":"interquatre.com","url":"https:\/\/interquatre.com\/","logo":{"@type":"ImageObject","inLanguage":"ca","@id":"https:\/\/interquatre.com\/#\/schema\/logo\/image\/","url":"https:\/\/interquatre.com\/wp-content\/uploads\/2023\/12\/Interquatre-logo-1.png","contentUrl":"https:\/\/interquatre.com\/wp-content\/uploads\/2023\/12\/Interquatre-logo-1.png","width":720,"height":152,"caption":"interquatre.com"},"image":{"@id":"https:\/\/interquatre.com\/#\/schema\/logo\/image\/"}}]}},"_links":{"self":[{"href":"https:\/\/interquatre.com\/ca\/wp-json\/wp\/v2\/pages\/104","targetHints":{"allow":["GET"]}}],"collection":[{"href":"https:\/\/interquatre.com\/ca\/wp-json\/wp\/v2\/pages"}],"about":[{"href":"https:\/\/interquatre.com\/ca\/wp-json\/wp\/v2\/types\/page"}],"author":[{"embeddable":true,"href":"https:\/\/interquatre.com\/ca\/wp-json\/wp\/v2\/users\/1"}],"replies":[{"embeddable":true,"href":"https:\/\/interquatre.com\/ca\/wp-json\/wp\/v2\/comments?post=104"}],"version-history":[{"count":60,"href":"https:\/\/interquatre.com\/ca\/wp-json\/wp\/v2\/pages\/104\/revisions"}],"predecessor-version":[{"id":693,"href":"https:\/\/interquatre.com\/ca\/wp-json\/wp\/v2\/pages\/104\/revisions\/693"}],"wp:attachment":[{"href":"https:\/\/interquatre.com\/ca\/wp-json\/wp\/v2\/media?parent=104"}],"curies":[{"name":"wp","href":"https:\/\/api.w.org\/{rel}","templated":true}]}}